{"id":2,"date":"2012-08-03T20:37:18","date_gmt":"2012-08-03T20:37:18","guid":{"rendered":"http:\/\/duschvagg.se\/?page_id=2"},"modified":"2012-08-10T16:34:04","modified_gmt":"2012-08-10T14:34:04","slug":"exempelsida","status":"publish","type":"page","link":"http:\/\/www.duschvagg.se\/","title":{"rendered":"Duschv\u00e4gg k\u00f6pguide"},"content":{"rendered":"<p>En duschv\u00e4gg kommer att vara en del av ditt badrum i m\u00e5nga \u00e5r fram\u00f6ver och att k\u00f6pa en kan r\u00e4knas som en investering i ditt hus. D\u00e4rf\u00f6r \u00e4r det viktigt att ta ta h\u00e4nsyn till en rad olika faktorer innan du best\u00e4mmer dig f\u00f6r vilken duschv\u00e4gg du vill ha:<\/p>\n<h3>Storlek, form och h\u00f6jd<\/h3>\n<p>Det finns m\u00e5nga former av duschv\u00e4gg: kvadratisk, rektangul\u00e4r och oval. V\u00e4lj inte en form som g\u00f6r att ditt badrum fr\u00e5n en &#8221;tr\u00e5ng&#8221; k\u00e4nsla, v\u00e4lj ist\u00e4llet en duschv\u00e4gg som ger dig en k\u00e4nsla av utrymme b\u00e5de inuti d\u00e5 du duschar, och som ger ditt badrum en k\u00e4nsla av rymd.<\/p>\n<h3>Positionering<\/h3>\n<p>Om din nya duschv\u00e4gg kan installeras d\u00e4r den gamla duschen brukade vara s\u00e5 kommer detta att spara mycket f\u00f6rberedande arbete, kr\u00e5ngel och pengar. Detta eftersom alla r\u00f6r redan kommer att vara p\u00e5 r\u00e4tt plats vilket g\u00f6r dem l\u00e4tta att f\u00e4sta.<\/p>\n<h3>Duschv\u00e4ggar: Med eller utan duschkar?<\/h3>\n<p>Det kan vara en id\u00e9 att v\u00e4lja en duschv\u00e4gg som kommer med tillh\u00f6rnade duschkar. D\u00e5 duschkaret har utformats speciellt f\u00f6r den den k\u00f6pta duschv\u00e4ggen passar det p\u00e5 r\u00e4tt s\u00e4tt och kommer att leda till mindre vattenl\u00e4ckage.<\/p>\n<h3>Kakel<\/h3>\n<p>Innerv\u00e4ggarna p\u00e5 duschv\u00e4gg kommer att beh\u00f6va kakel. Planera d\u00e4rf\u00f6r vilka brickor du vill anv\u00e4nda dig av och l\u00e4gg sedan om omr\u00e5det innan du installerar duschv\u00e4ggen.<\/p>\n<p style=\"text-align: center;\"><img loading=\"lazy\" decoding=\"async\" class=\"size-full wp-image-10 aligncenter\" title=\"duschv\u00e4gg\" src=\"http:\/\/www.duschvagg.se\/wp-content\/uploads\/2012\/08\/duschv\u00e4gg.jpg\" alt=\"duschv\u00e4gg\" width=\"470\" height=\"321\" srcset=\"http:\/\/www.duschvagg.se\/wp-content\/uploads\/2012\/08\/duschv\u00e4gg.jpg 470w, http:\/\/www.duschvagg.se\/wp-content\/uploads\/2012\/08\/duschv\u00e4gg-300x204.jpg 300w\" sizes=\"auto, (max-width: 470px) 100vw, 470px\" \/><\/p>\n<h3>Testning<\/h3>\n<p><strong>Korrosionsprovning<\/strong> &#8211; Har du n\u00e5gonsin sett f\u00f6rkromning som flisats eller svarvat av? Korrosion kan f\u00f6rst\u00f6ra ytskiktet p\u00e5 nya duschar. Det \u00e4r d\u00e4rf\u00f6r viktigt att k\u00f6pa kvalitet om du vill att din duschv\u00e4gg ska se bra ut m\u00e5nga \u00e5r fram\u00f6ver. K\u00f6p fr\u00e5n ett f\u00f6retag som har gjort anti-saltkorrosion-tester p\u00e5 alla sina beslag!<\/p>\n<p><strong>Vattenl\u00e4ckage<\/strong> &#8211; En bra t\u00e4tning, ofta med magnetiska remsor p\u00e5 duschd\u00f6rren, \u00e4r viktigt f\u00f6r att h\u00e5lla vattnet kvar i duschen. Bra t\u00e4tningar g\u00f6r ocks\u00e5 att duschv\u00e4ggen blir mer estetiskt tilltalande.<\/p>\n<p><strong>D\u00f6rrhandtag och f\u00e4sten<\/strong> &#8211; D\u00f6rrhandtag som \u00e4r i solid metall \u00e4r av mycket h\u00f6gre kvalitet \u00e4n sina krompl\u00e4terade motsvarigheter i plast. Dessa plasthandtag \u00e4r svagare och ger ofta duschv\u00e4ggen en &#8221;billigare&#8221; k\u00e4nsla.<\/p>\n<h3>Duschkar i akryl<\/h3>\n<p><strong>F\u00f6rst\u00e4rkning<\/strong> &#8211; Se till att duschkaret till duschv\u00e4ggen du v\u00e4ljer best\u00e5r av ren akryl. \u00c4ven om ett f\u00f6retag s\u00e4ger att facket \u00e4r i akryl betyder det inte att det best\u00e5r av akryl hela v\u00e4gen igenom. Bolaget kan ha akryl-PMMA p\u00e5 utsidan och ABS p\u00e5 insidan vilket resulterar i en s\u00e4mre kvalitet,\u00a0 och d\u00e4rmed ett mindre robust duschkar.<\/p>\n<p><strong>Kontrollera f\u00e4rgen<\/strong> &#8211; Viss akryl har mycket ljusa vita ytor. Detta \u00e4r ett tecken p\u00e5 en akryl i d\u00e5lig kvalitet. H\u00f6gkvalitativ akryl har flamskyddsmedel och f\u00e5r inte denna lysande vita f\u00e4rg.<\/p>\n<p><strong>Akryl Pris<\/strong> &#8211; Det finns inte bara en typ av akryl, utan m\u00e5nga olika typer och kvaliteter finns tillg\u00e4ngliga. Vissa f\u00f6retag anv\u00e4nder en mycket billig akryl av l\u00e5g kvalitet f\u00f6r att kunna skapa och s\u00e4lja sina produkter till en l\u00e5g kostnad. Detta leder s\u00e5klart till att livsl\u00e4ngden p\u00e5 duschkaret minskar. Akryl av h\u00f6gre kvalitet g\u00f6r att ditt duschkar h\u00e5ller l\u00e4ngre, och att f\u00e4rgen bleknar mindre med tiden.<\/p>\n<p><strong>Glasfiber och f\u00f6rst\u00e4rkning<\/strong> &#8211; P\u00e5 botten av de flesta duschkar i akryl finns glasfiber f\u00f6r f\u00f6rst\u00e4rkning. Var vaksam med f\u00f6retag som anv\u00e4nder f\u00f6r mycket harts och inte tillr\u00e4ckligt med fiber i sin f\u00f6rst\u00e4rkning. Detta leder till en l\u00e5g kvalitet p\u00e5 glasfibern, som missf\u00e4rgas och f\u00f6rsvagas med tiden.<\/p>\n<p><img loading=\"lazy\" decoding=\"async\" class=\"aligncenter size-full wp-image-11\" title=\"duschv\u00e4gg\" src=\"http:\/\/www.duschvagg.se\/wp-content\/uploads\/2012\/08\/duschv\u00e4gg-1.jpg\" alt=\"duschv\u00e4gg\" width=\"300\" height=\"300\" srcset=\"http:\/\/www.duschvagg.se\/wp-content\/uploads\/2012\/08\/duschv\u00e4gg-1.jpg 300w, http:\/\/www.duschvagg.se\/wp-content\/uploads\/2012\/08\/duschv\u00e4gg-1-150x150.jpg 150w\" sizes=\"auto, (max-width: 300px) 100vw, 300px\" \/><\/p>\n<h3>H\u00e4rdat glas<\/h3>\n<p><strong>Tjocklek<\/strong> &#8211; I allm\u00e4nhet \u00e4r det b\u00e4st att ha h\u00e4rdat s\u00e4kerhetsglas av 5-6mm f\u00f6r din duschv\u00e4gg: desto tjockare desto b\u00e4ttre.<\/p>\n<p><strong>Kantskydd<\/strong> &#8211; Glas som inte har en skyddande inramning kan enkelt flisas och g\u00e5 s\u00f6nder. En duschv\u00e4gg med stark aluminiumutformning kommer att ge st\u00f6d \u00e5t glaset i duschd\u00f6rrarna och h\u00e5lla den v\u00e4l skyddad.<\/p>\n<p><strong>Glasets h\u00e5llbarhet<\/strong> &#8211; Det finns normer som h\u00e4rdat s\u00e4kerhetsglas m\u00e5ste uppvisa. Glas med storleken 120mm X 120mm b\u00f6r g\u00e5 s\u00f6nder i minst 45 olika stycken, eftersom f\u00f6r stora sk\u00e4rvor kan leda till st\u00f6rre skador. Ju fler bitar desto b\u00e4ttre.<\/p>\n<h3>Aluminiuminramning p\u00e5 duschv\u00e4gg<\/h3>\n<p><strong>\u00c4r det aluminium?<\/strong> &#8211; Vissa f\u00f6retag anv\u00e4nder en profilering p\u00e5 sina duschv\u00e4ggar som ser ut som aluminium, men som faktiskt \u00e4r plast. Denna inramning ser inte bara ut, och k\u00e4nns, billigare, den skyddar inte heller glaset p\u00e5 duschv\u00e4ggen lika effektivt som en inramning i \u00e4ka aluminium.<\/p>\n<p><strong>Tjocklek p\u00e5 aluminiuminramning<\/strong> &#8211; Bara f\u00f6r att duschv\u00e4ggen anv\u00e4nder riktigt aluminiuminramning betyder det inte att kvaliteten \u00e4r j\u00e4ttebra. Ett enkelt s\u00e4tt att sk\u00e4ra ned p\u00e5 kostnaderna \u00e4r att anv\u00e4nda en inramning som bara \u00e4r 0,5 mm tjock. Detta \u00e4r betydligt svagare, och mer ben\u00e4get att leda till bucklor, \u00e4n 1,0-1.6mm tjock aluminium som m\u00e4rken av st\u00f6rre kvalitet erbjuder.<\/p>\n<p><strong>Kvalitet p\u00e5 aluminium<\/strong> &#8211; Vissa f\u00f6retag anv\u00e4nder \u00e5tervunnet aluminium eller en blandning av aluminium och andra metaller f\u00f6r att sk\u00e4ra ned p\u00e5 kostnaderna, vilket \u00e4ven det kan \u00f6ka k\u00e4nsligheten f\u00f6r skador.<\/p>\n<p><strong>Strukturell support f\u00f6r inramning<\/strong> &#8211; Under duschkaret finns oftast en ram som ger duschv\u00e4ggar styrka och st\u00f6d. S\u00e4kerst\u00e4ll att denna ram anv\u00e4nder en metall, typ rostfritt st\u00e5l, ist\u00e4llet f\u00f6r exempelvis en tr\u00e4b\u00e4rare som \u00e4r betydligt svagare.<\/p>\n<p><iframe loading=\"lazy\" width=\"450\" height=\"253\" src=\"http:\/\/www.youtube.com\/embed\/9G6JRNLST3s\" frameborder=\"0\" allowfullscreen><\/iframe><\/p>\n","protected":false},"excerpt":{"rendered":"<p>En duschv\u00e4gg kommer att vara en del av ditt badrum i m\u00e5nga \u00e5r fram\u00f6ver och att k\u00f6pa en kan r\u00e4knas som en investering i ditt hus. D\u00e4rf\u00f6r \u00e4r det viktigt att ta ta h\u00e4nsyn till en rad olika faktorer innan du best\u00e4mmer dig f\u00f6r vilken duschv\u00e4gg du vill ha: Storlek, form och h\u00f6jd Det finns [&hellip;]<\/p>\n","protected":false},"author":1,"featured_media":0,"parent":0,"menu_order":0,"comment_status":"open","ping_status":"open","template":"","meta":{"footnotes":""},"class_list":["post-2","page","type-page","status-publish","hentry"],"_links":{"self":[{"href":"http:\/\/www.duschvagg.se\/index.php?rest_route=\/wp\/v2\/pages\/2","targetHints":{"allow":["GET"]}}],"collection":[{"href":"http:\/\/www.duschvagg.se\/index.php?rest_route=\/wp\/v2\/pages"}],"about":[{"href":"http:\/\/www.duschvagg.se\/index.php?rest_route=\/wp\/v2\/types\/page"}],"author":[{"embeddable":true,"href":"http:\/\/www.duschvagg.se\/index.php?rest_route=\/wp\/v2\/users\/1"}],"replies":[{"embeddable":true,"href":"http:\/\/www.duschvagg.se\/index.php?rest_route=%2Fwp%2Fv2%2Fcomments&post=2"}],"version-history":[{"count":7,"href":"http:\/\/www.duschvagg.se\/index.php?rest_route=\/wp\/v2\/pages\/2\/revisions"}],"predecessor-version":[{"id":16,"href":"http:\/\/www.duschvagg.se\/index.php?rest_route=\/wp\/v2\/pages\/2\/revisions\/16"}],"wp:attachment":[{"href":"http:\/\/www.duschvagg.se\/index.php?rest_route=%2Fwp%2Fv2%2Fmedia&parent=2"}],"curies":[{"name":"wp","href":"https:\/\/api.w.org\/{rel}","templated":true}]}}